{"id":48431,"date":"2023-10-19T17:57:56","date_gmt":"2023-10-19T14:57:56","guid":{"rendered":"https:\/\/canyurtlar.com.tr\/?page_id=48431"},"modified":"2023-10-21T11:06:27","modified_gmt":"2023-10-21T08:06:27","slug":"yatay-baca-seti","status":"publish","type":"page","link":"https:\/\/www.canyurtlar.com.tr\/index.php\/urunler\/yatay-baca-seti\/","title":{"rendered":"Yatay Baca Seti"},"content":{"rendered":"\t\t<div data-elementor-type=\"wp-page\" data-elementor-id=\"48431\" class=\"elementor elementor-48431\" data-elementor-post-type=\"page\">\n\t\t\t\t\t\t\t<div class=\"elementor-element elementor-element-5dd8390 e-flex e-con-boxed e-con e-parent\" data-id=\"5dd8390\" data-element_type=\"container\" data-settings=\"{&quot;content_width&quot;:&quot;boxed&quot;}\" data-core-v316-plus=\"true\">\n\t\t\t\t\t<div class=\"e-con-inner\">\n\t\t<div class=\"elementor-element elementor-element-3a17ac6 e-con-full e-flex e-con e-child\" data-id=\"3a17ac6\" data-element_type=\"container\" data-settings=\"{&quot;content_width&quot;:&quot;full&quot;}\">\n\t\t\t\t<div class=\"elementor-element elementor-element-d1fcb50 elementor-widget elementor-widget-image\" data-id=\"d1fcb50\" data-element_type=\"widget\" data-widget_type=\"image.default\">\n\t\t\t\t<div class=\"elementor-widget-container\">\n\t\t\t<style>\/*! elementor - v3.16.0 - 09-10-2023 *\/\n.elementor-widget-image{text-align:center}.elementor-widget-image a{display:inline-block}.elementor-widget-image a img[src$=\".svg\"]{width:48px}.elementor-widget-image img{vertical-align:middle;display:inline-block}<\/style>\t\t\t\t\t\t\t\t\t\t\t\t<img loading=\"lazy\" decoding=\"async\" width=\"420\" height=\"420\" src=\"https:\/\/www.canyurtlar.com.tr\/wp-content\/uploads\/2023\/10\/hermetik_baca_8.jpg\" class=\"attachment-large size-large wp-image-48592\" alt=\"\" srcset=\"https:\/\/www.canyurtlar.com.tr\/wp-content\/uploads\/2023\/10\/hermetik_baca_8.jpg 420w, https:\/\/www.canyurtlar.com.tr\/wp-content\/uploads\/2023\/10\/hermetik_baca_8-300x300.jpg 300w, https:\/\/www.canyurtlar.com.tr\/wp-content\/uploads\/2023\/10\/hermetik_baca_8-150x150.jpg 150w, https:\/\/www.canyurtlar.com.tr\/wp-content\/uploads\/2023\/10\/hermetik_baca_8-100x100.jpg 100w\" sizes=\"auto, (max-width: 420px) 100vw, 420px\" \/>\t\t\t\t\t\t\t\t\t\t\t\t\t\t\t<\/div>\n\t\t\t\t<\/div>\n\t\t\t\t<\/div>\n\t\t<div class=\"elementor-element elementor-element-01ccccc e-con-full e-flex e-con e-child\" data-id=\"01ccccc\" data-element_type=\"container\" data-settings=\"{&quot;content_width&quot;:&quot;full&quot;}\">\n\t\t\t\t<div class=\"elementor-element elementor-element-81a86a3 elementor-widget elementor-widget-text-editor\" data-id=\"81a86a3\" data-element_type=\"widget\" data-widget_type=\"text-editor.default\">\n\t\t\t\t<div class=\"elementor-widget-container\">\n\t\t\t<style>\/*! elementor - v3.16.0 - 09-10-2023 *\/\n.elementor-widget-text-editor.elementor-drop-cap-view-stacked .elementor-drop-cap{background-color:#69727d;color:#fff}.elementor-widget-text-editor.elementor-drop-cap-view-framed .elementor-drop-cap{color:#69727d;border:3px solid;background-color:transparent}.elementor-widget-text-editor:not(.elementor-drop-cap-view-default) .elementor-drop-cap{margin-top:8px}.elementor-widget-text-editor:not(.elementor-drop-cap-view-default) .elementor-drop-cap-letter{width:1em;height:1em}.elementor-widget-text-editor .elementor-drop-cap{float:left;text-align:center;line-height:1;font-size:50px}.elementor-widget-text-editor .elementor-drop-cap-letter{display:inline-block}<\/style>\t\t\t\t<h5><span style=\"color: #ff0000;\">Hermetik Yatay Baca Seti \u00d8 60\/100<\/span><\/h5><p>\u00d8 90 derecelik dirsek,<br \/>D\u0131\u015f dirsek al\u00fcminyum tek par\u00e7a, \u00ee\u00e7 dirsek al\u00fcminyum tek par\u00e7a<br \/>75cm baca uzatmas\u0131, plastik filtre<br \/>1 adet \u00fc\u00e7gen denge \u00e7ubu\u011fu, 1 adet \u00d8 100mm plastik ayna,<br \/>2 adet \u00d8 60mm silikon conta ve<br \/>1 adet \u00d8 100mm silikon conta<br \/>Elektro statik toz boya ile boyanm\u0131\u015ft\u0131r<\/p>\t\t\t\t\t\t<\/div>\n\t\t\t\t<\/div>\n\t\t\t\t<\/div>\n\t\t\t\t\t<\/div>\n\t\t\t\t<\/div>\n\t\t<div class=\"elementor-element elementor-element-1bb949b e-flex e-con-boxed e-con e-parent\" data-id=\"1bb949b\" data-element_type=\"container\" data-settings=\"{&quot;content_width&quot;:&quot;boxed&quot;}\" data-core-v316-plus=\"true\">\n\t\t\t\t\t<div class=\"e-con-inner\">\n\t\t<div class=\"elementor-element elementor-element-d67e591 e-con-full e-flex e-con e-child\" data-id=\"d67e591\" data-element_type=\"container\" data-settings=\"{&quot;content_width&quot;:&quot;full&quot;}\">\n\t\t\t\t<div class=\"elementor-element elementor-element-4db51d0 elementor-widget elementor-widget-image\" data-id=\"4db51d0\" data-element_type=\"widget\" data-widget_type=\"image.default\">\n\t\t\t\t<div class=\"elementor-widget-container\">\n\t\t\t\t\t\t\t\t\t\t\t\t\t\t\t<img loading=\"lazy\" decoding=\"async\" width=\"500\" height=\"500\" src=\"https:\/\/www.canyurtlar.com.tr\/wp-content\/uploads\/2023\/10\/baca-8.jpg\" class=\"attachment-large size-large wp-image-48593\" alt=\"\" srcset=\"https:\/\/www.canyurtlar.com.tr\/wp-content\/uploads\/2023\/10\/baca-8.jpg 500w, https:\/\/www.canyurtlar.com.tr\/wp-content\/uploads\/2023\/10\/baca-8-300x300.jpg 300w, https:\/\/www.canyurtlar.com.tr\/wp-content\/uploads\/2023\/10\/baca-8-150x150.jpg 150w, https:\/\/www.canyurtlar.com.tr\/wp-content\/uploads\/2023\/10\/baca-8-100x100.jpg 100w\" sizes=\"auto, (max-width: 500px) 100vw, 500px\" \/>\t\t\t\t\t\t\t\t\t\t\t\t\t\t\t<\/div>\n\t\t\t\t<\/div>\n\t\t\t\t<\/div>\n\t\t<div class=\"elementor-element elementor-element-c03db2b e-con-full e-flex e-con e-child\" data-id=\"c03db2b\" data-element_type=\"container\" data-settings=\"{&quot;content_width&quot;:&quot;full&quot;}\">\n\t\t\t\t<div class=\"elementor-element elementor-element-7df21fe elementor-widget elementor-widget-text-editor\" data-id=\"7df21fe\" data-element_type=\"widget\" data-widget_type=\"text-editor.default\">\n\t\t\t\t<div class=\"elementor-widget-container\">\n\t\t\t\t\t\t\t<h5><span style=\"color: #ff0000;\">Yo\u011fu\u015fmal\u0131 Yatay Baca Seti \u00d8 60\/100<\/span><\/h5><p>\u00d8 90 derecelik dirsek,<br \/>D\u0131\u015f dirsek al\u00fcminyum tek par\u00e7a, \u0130\u00e7 dirsek plastik tek par\u00e7a<br \/>75cm baca uzatmas\u0131, plastik filtre<br \/>1 adet \u00fc\u00e7gen denge \u00e7ubu\u011fu, 1 adet \u00d8 100mm plastik ayna,<br \/>2 adet \u00d8 60mm silikon conta ve<br \/>1 adet \u00d8 100mm silikon conta<br \/>Elektro statik toz boya ile boyanm\u0131\u015ft\u0131r<\/p>\t\t\t\t\t\t<\/div>\n\t\t\t\t<\/div>\n\t\t\t\t<\/div>\n\t\t\t\t\t<\/div>\n\t\t\t\t<\/div>\n\t\t<div class=\"elementor-element elementor-element-fd072ae e-flex e-con-boxed e-con e-parent\" data-id=\"fd072ae\" data-element_type=\"container\" data-settings=\"{&quot;content_width&quot;:&quot;boxed&quot;}\" data-core-v316-plus=\"true\">\n\t\t\t\t\t<div class=\"e-con-inner\">\n\t\t<div class=\"elementor-element elementor-element-c464a33 e-con-full e-flex e-con e-child\" data-id=\"c464a33\" data-element_type=\"container\" data-settings=\"{&quot;content_width&quot;:&quot;full&quot;}\">\n\t\t\t\t<div class=\"elementor-element elementor-element-1eb2bfc elementor-widget elementor-widget-image\" data-id=\"1eb2bfc\" data-element_type=\"widget\" data-widget_type=\"image.default\">\n\t\t\t\t<div class=\"elementor-widget-container\">\n\t\t\t\t\t\t\t\t\t\t\t\t\t\t\t<img loading=\"lazy\" decoding=\"async\" width=\"1024\" height=\"1024\" src=\"https:\/\/www.canyurtlar.com.tr\/wp-content\/uploads\/2023\/10\/xDSCF3245-1024x1024.jpg\" class=\"attachment-large size-large wp-image-48606\" alt=\"\" srcset=\"https:\/\/www.canyurtlar.com.tr\/wp-content\/uploads\/2023\/10\/xDSCF3245-1024x1024.jpg 1024w, https:\/\/www.canyurtlar.com.tr\/wp-content\/uploads\/2023\/10\/xDSCF3245-300x300.jpg 300w, https:\/\/www.canyurtlar.com.tr\/wp-content\/uploads\/2023\/10\/xDSCF3245-150x150.jpg 150w, https:\/\/www.canyurtlar.com.tr\/wp-content\/uploads\/2023\/10\/xDSCF3245-768x768.jpg 768w, https:\/\/www.canyurtlar.com.tr\/wp-content\/uploads\/2023\/10\/xDSCF3245-1536x1536.jpg 1536w, https:\/\/www.canyurtlar.com.tr\/wp-content\/uploads\/2023\/10\/xDSCF3245-2048x2048.jpg 2048w, https:\/\/www.canyurtlar.com.tr\/wp-content\/uploads\/2023\/10\/xDSCF3245-550x550.jpg 550w, https:\/\/www.canyurtlar.com.tr\/wp-content\/uploads\/2023\/10\/xDSCF3245-1100x1100.jpg 1100w, https:\/\/www.canyurtlar.com.tr\/wp-content\/uploads\/2023\/10\/xDSCF3245-600x600.jpg 600w, https:\/\/www.canyurtlar.com.tr\/wp-content\/uploads\/2023\/10\/xDSCF3245-100x100.jpg 100w\" sizes=\"auto, (max-width: 1024px) 100vw, 1024px\" \/>\t\t\t\t\t\t\t\t\t\t\t\t\t\t\t<\/div>\n\t\t\t\t<\/div>\n\t\t\t\t<\/div>\n\t\t<div class=\"elementor-element elementor-element-8f58e1a e-con-full e-flex e-con e-child\" data-id=\"8f58e1a\" data-element_type=\"container\" data-settings=\"{&quot;content_width&quot;:&quot;full&quot;}\">\n\t\t\t\t<div class=\"elementor-element elementor-element-8e3b263 elementor-widget elementor-widget-text-editor\" data-id=\"8e3b263\" data-element_type=\"widget\" data-widget_type=\"text-editor.default\">\n\t\t\t\t<div class=\"elementor-widget-container\">\n\t\t\t\t\t\t\t<h5><span style=\"color: #ff0000;\">Yo\u011fu\u015fmal\u0131 Yatay Baca Seti \u00d8 80\/125<\/span><\/h5><p>\u00d8 90 derecelik dirsek,<br \/>D\u0131\u015f dirsek al\u00fcminyum tek par\u00e7a, \u00ee\u00e7 dirsek plastik tek par\u00e7a<br \/>75cm baca uzatmas\u0131, plastik filtre<br \/>1 adet \u00fc\u00e7gen denge \u00e7ubu\u011fu, 1 adet \u00d8 125mm plastik ayna,<br \/>2 adet \u00d8 80mm silikon conta ve<br \/>1 adet \u00d8 125mm silikon conta<br \/>Elektro statik toz boya ile boyanm\u0131\u015ft\u0131r<\/p>\t\t\t\t\t\t<\/div>\n\t\t\t\t<\/div>\n\t\t\t\t<\/div>\n\t\t\t\t\t<\/div>\n\t\t\t\t<\/div>\n\t\t<div class=\"elementor-element elementor-element-ac247cb e-flex e-con-boxed e-con e-parent\" data-id=\"ac247cb\" data-element_type=\"container\" data-settings=\"{&quot;content_width&quot;:&quot;boxed&quot;}\" data-core-v316-plus=\"true\">\n\t\t\t\t\t<div class=\"e-con-inner\">\n\t\t<div class=\"elementor-element elementor-element-d95688e e-con-full e-flex e-con e-child\" data-id=\"d95688e\" data-element_type=\"container\" data-settings=\"{&quot;content_width&quot;:&quot;full&quot;}\">\n\t\t\t\t<div class=\"elementor-element elementor-element-8727bbe elementor-widget elementor-widget-image\" data-id=\"8727bbe\" data-element_type=\"widget\" data-widget_type=\"image.default\">\n\t\t\t\t<div class=\"elementor-widget-container\">\n\t\t\t\t\t\t\t\t\t\t\t\t\t\t\t<img loading=\"lazy\" decoding=\"async\" width=\"1024\" height=\"1024\" src=\"https:\/\/www.canyurtlar.com.tr\/wp-content\/uploads\/2023\/10\/xDSCF3252-1024x1024.jpg\" class=\"attachment-large size-large wp-image-48607\" alt=\"\" srcset=\"https:\/\/www.canyurtlar.com.tr\/wp-content\/uploads\/2023\/10\/xDSCF3252-1024x1024.jpg 1024w, https:\/\/www.canyurtlar.com.tr\/wp-content\/uploads\/2023\/10\/xDSCF3252-300x300.jpg 300w, https:\/\/www.canyurtlar.com.tr\/wp-content\/uploads\/2023\/10\/xDSCF3252-150x150.jpg 150w, https:\/\/www.canyurtlar.com.tr\/wp-content\/uploads\/2023\/10\/xDSCF3252-768x768.jpg 768w, https:\/\/www.canyurtlar.com.tr\/wp-content\/uploads\/2023\/10\/xDSCF3252-1536x1536.jpg 1536w, https:\/\/www.canyurtlar.com.tr\/wp-content\/uploads\/2023\/10\/xDSCF3252-2048x2048.jpg 2048w, https:\/\/www.canyurtlar.com.tr\/wp-content\/uploads\/2023\/10\/xDSCF3252-550x550.jpg 550w, https:\/\/www.canyurtlar.com.tr\/wp-content\/uploads\/2023\/10\/xDSCF3252-1100x1100.jpg 1100w, https:\/\/www.canyurtlar.com.tr\/wp-content\/uploads\/2023\/10\/xDSCF3252-600x600.jpg 600w, https:\/\/www.canyurtlar.com.tr\/wp-content\/uploads\/2023\/10\/xDSCF3252-100x100.jpg 100w\" sizes=\"auto, (max-width: 1024px) 100vw, 1024px\" \/>\t\t\t\t\t\t\t\t\t\t\t\t\t\t\t<\/div>\n\t\t\t\t<\/div>\n\t\t\t\t<\/div>\n\t\t<div class=\"elementor-element elementor-element-3f2896c e-con-full e-flex e-con e-child\" data-id=\"3f2896c\" data-element_type=\"container\" data-settings=\"{&quot;content_width&quot;:&quot;full&quot;}\">\n\t\t\t\t<div class=\"elementor-element elementor-element-7c29578 elementor-widget elementor-widget-text-editor\" data-id=\"7c29578\" data-element_type=\"widget\" data-widget_type=\"text-editor.default\">\n\t\t\t\t<div class=\"elementor-widget-container\">\n\t\t\t\t\t\t\t<h5><span style=\"color: #ff0000;\">Hermetik Yatay Baca Seti \u00d8 80\/125<\/span><\/h5><p>\u00d8 90 derecelik dirsek,<br \/>D\u0131\u015f dirsek al\u00fcminyum tek par\u00e7a, \u0130\u00e7 dirsek al\u00fcminyum tek par\u00e7a<br \/>75 cm baca uzatmas\u0131, plastik filtre<br \/>1 adet \u00fc\u00e7gen denge \u00e7ubu\u011fu, 1 adet \u00d8 125mm plastik ayna,<br \/>2 adet \u00d8 80mm silikon conta ve<br \/>1 adet \u00d8 125mm silikon conta<br \/>Elektro statik toz boya ile boyanm\u0131\u015ft\u0131r<\/p>\t\t\t\t\t\t<\/div>\n\t\t\t\t<\/div>\n\t\t\t\t<\/div>\n\t\t\t\t\t<\/div>\n\t\t\t\t<\/div>\n\t\t\t\t\t\t\t<\/div>\n\t\t","protected":false},"excerpt":{"rendered":"<p>Hermetik Yatay Baca Seti \u00d8 60\/100 \u00d8 90 derecelik dirsek,D\u0131\u015f dirsek al\u00fcminyum tek par\u00e7a, \u00ee\u00e7 dirsek al\u00fcminyum tek par\u00e7a75cm baca&#8230;<\/p>\n","protected":false},"author":1,"featured_media":0,"parent":48429,"menu_order":0,"comment_status":"closed","ping_status":"closed","template":"","meta":{"footnotes":""},"class_list":["post-48431","page","type-page","status-publish","hentry"],"aioseo_notices":[],"_links":{"self":[{"href":"https:\/\/www.canyurtlar.com.tr\/index.php\/wp-json\/wp\/v2\/pages\/48431","targetHints":{"allow":["GET"]}}],"collection":[{"href":"https:\/\/www.canyurtlar.com.tr\/index.php\/wp-json\/wp\/v2\/pages"}],"about":[{"href":"https:\/\/www.canyurtlar.com.tr\/index.php\/wp-json\/wp\/v2\/types\/page"}],"author":[{"embeddable":true,"href":"https:\/\/www.canyurtlar.com.tr\/index.php\/wp-json\/wp\/v2\/users\/1"}],"replies":[{"embeddable":true,"href":"https:\/\/www.canyurtlar.com.tr\/index.php\/wp-json\/wp\/v2\/comments?post=48431"}],"version-history":[{"count":22,"href":"https:\/\/www.canyurtlar.com.tr\/index.php\/wp-json\/wp\/v2\/pages\/48431\/revisions"}],"predecessor-version":[{"id":48995,"href":"https:\/\/www.canyurtlar.com.tr\/index.php\/wp-json\/wp\/v2\/pages\/48431\/revisions\/48995"}],"up":[{"embeddable":true,"href":"https:\/\/www.canyurtlar.com.tr\/index.php\/wp-json\/wp\/v2\/pages\/48429"}],"wp:attachment":[{"href":"https:\/\/www.canyurtlar.com.tr\/index.php\/wp-json\/wp\/v2\/media?parent=48431"}],"curies":[{"name":"wp","href":"https:\/\/api.w.org\/{rel}","templated":true}]}}