{"id":48427,"date":"2023-10-19T17:57:32","date_gmt":"2023-10-19T14:57:32","guid":{"rendered":"https:\/\/canyurtlar.com.tr\/?page_id=48427"},"modified":"2023-10-21T10:50:47","modified_gmt":"2023-10-21T07:50:47","slug":"hakkimizda","status":"publish","type":"page","link":"https:\/\/www.canyurtlar.com.tr\/index.php\/hakkimizda\/","title":{"rendered":"HAKKIMIZDA"},"content":{"rendered":"\t\t<div data-elementor-type=\"wp-page\" data-elementor-id=\"48427\" class=\"elementor elementor-48427\" data-elementor-post-type=\"page\">\n\t\t\t\t\t\t\t\t\t<section class=\"elementor-section elementor-top-section elementor-element elementor-element-b880e30 elementor-section-stretched elementor-section-boxed elementor-section-height-default elementor-section-height-default tm-col-stretched-none tm-bg-color-over-image\" data-id=\"b880e30\" data-element_type=\"section\" data-settings=\"{&quot;stretch_section&quot;:&quot;section-stretched&quot;,&quot;background_background&quot;:&quot;classic&quot;}\">\n\t\t\t\t\t\t\t<div class=\"elementor-background-overlay\"><\/div>\n\t\t\t\t\t\t\t<div class=\"elementor-container elementor-column-gap-extended\">\n\t\t\t\t\t<div class=\"elementor-column elementor-col-33 elementor-top-column elementor-element elementor-element-ec00a1b tm-bg-color-over-image\" data-id=\"ec00a1b\" data-element_type=\"column\" data-settings=\"{&quot;background_background&quot;:&quot;gradient&quot;}\">\n\t\t\t<div class=\"elementor-widget-wrap elementor-element-populated\">\n\t\t\t\t\t\t\t\t<div class=\"elementor-element elementor-element-4727ae2 elementor-widget elementor-widget-tm-ele-animated-layers\" data-id=\"4727ae2\" data-element_type=\"widget\" data-widget_type=\"tm-ele-animated-layers.default\">\n\t\t\t\t<div class=\"elementor-widget-container\">\n\t\t\t\t\t<div class=\"tm-sc-animated-layer-advanced \">\r\n\t\t\t<div class=\"animated-layer-advanced-inner clearfix\">\r\n\t\r\n<div class=\"layer-image-wrapper layer-image  layer-image-fullwidth elementor-repeater-item-f32edfc\" style=\"\">\r\n\t<div class=\"layer-inner layer-image  \">\r\n\t\t<div class=\"layer-image-inner-wrapper \">\r\n\t\t\t<img loading=\"lazy\" decoding=\"async\" class=\"\" src=\"https:\/\/www.canyurtlar.com.tr\/wp-content\/uploads\/2023\/10\/kombi-bacasi-ankara-5-1.jpg\" width=\"550\" height=\"550\" alt=\"Image\">\r\n\t\t<\/div>\r\n\t<\/div>\r\n<\/div>\r\n\r\n<div class=\"layer-image-wrapper layer-image  layer-image-fullwidth elementor-repeater-item-a895a5f\" style=\"\">\r\n\t<div class=\"layer-inner layer-image  \">\r\n\t\t<div class=\"layer-image-inner-wrapper image-hover-effect-shine\">\r\n\t\t\t<img loading=\"lazy\" decoding=\"async\" class=\"\" src=\"https:\/\/www.canyurtlar.com.tr\/wp-content\/uploads\/2023\/10\/kombi-bacasi-ankara-4.jpg\" width=\"550\" height=\"550\" alt=\"Image\">\r\n\t\t<\/div>\r\n\t<\/div>\r\n<\/div>\r\n\t\t\t<\/div>\r\n\t\t\t<div class=\"clearfix\"><\/div>\r\n\t\t<\/div>\r\n\t\t\t<\/div>\n\t\t\t\t<\/div>\n\t\t\t\t<div class=\"elementor-element elementor-element-c7f6a0d elementor-widget__width-initial elementor-absolute elementor-widget-mobile__width-inherit elementor-hidden-mobile elementor-widget elementor-widget-tm-ele-funfact-counter\" data-id=\"c7f6a0d\" data-element_type=\"widget\" data-settings=\"{&quot;_position&quot;:&quot;absolute&quot;}\" data-widget_type=\"tm-ele-funfact-counter.default\">\n\t\t\t\t<div class=\"elementor-widget-container\">\n\t\t\t\t<div class=\"tm-sc-funfact funfact-iconleft experience tm-animate-icon-on-hover animate-icon-rotate-y\">\r\n\t\t<div class=\"funfact-inner\">\r\n\t\t\t<div class=\"element-left\">\r\n\t\t\t\t\t\t\t\t<div class=\"funfact-icon\">\r\n<i aria-hidden=\"true\" class=\" flaticon-agency-discuss\"><\/i><\/div>\t\t\t\t\t\t\t<\/div>\r\n\r\n\t\t\t\r\n\t\t\t<div class=\"details\">\r\n\t\t\t\t\t\t\t\t\t\t\t\t\t\t<h3 class=\"counter \">\r\n\t<span class=\"animate-number\" data-value=\"35\" data-animation-duration=\"1500\">0<\/span><span class=\"counter-postfix\">+<\/span><\/h3>\r\n\t\t\t\t\t\t\t\t\t\t\r\n\t\t\t\t\t\t\t\t\t\t<div class=\"title-wrapper\">\r\n\r\n<h5 class=\"title \">Y\u0131ll\u0131k \u0130malat Tecr\u00fcbesi<\/h5>\r\n<\/div>\t\t\t\t\t\t\t\t\t\t\t\t\t\r\n\t\t\t\t\t\t\t<\/div>\r\n\t\t<\/div>\r\n\t<\/div>\t\t<\/div>\n\t\t\t\t<\/div>\n\t\t\t\t\t<\/div>\n\t\t<\/div>\n\t\t\t\t<div class=\"elementor-column elementor-col-33 elementor-top-column elementor-element elementor-element-38448f7 tm-bg-color-over-image\" data-id=\"38448f7\" data-element_type=\"column\">\n\t\t\t<div class=\"elementor-widget-wrap\">\n\t\t\t\t\t\t\t\t\t<\/div>\n\t\t<\/div>\n\t\t\t\t<div class=\"elementor-column elementor-col-33 elementor-top-column elementor-element elementor-element-4c84a56 tm-bg-color-over-image\" data-id=\"4c84a56\" data-element_type=\"column\">\n\t\t\t<div class=\"elementor-widget-wrap elementor-element-populated\">\n\t\t\t\t\t\t\t\t<div class=\"elementor-element elementor-element-fadfe91 elementor-invisible elementor-widget elementor-widget-image\" data-id=\"fadfe91\" data-element_type=\"widget\" data-settings=\"{&quot;_animation&quot;:&quot;zoomInDown&quot;}\" data-widget_type=\"image.default\">\n\t\t\t\t<div class=\"elementor-widget-container\">\n\t\t\t<style>\/*! elementor - v3.16.0 - 09-10-2023 *\/\n.elementor-widget-image{text-align:center}.elementor-widget-image a{display:inline-block}.elementor-widget-image a img[src$=\".svg\"]{width:48px}.elementor-widget-image img{vertical-align:middle;display:inline-block}<\/style>\t\t\t\t\t\t\t\t\t\t\t\t<img loading=\"lazy\" decoding=\"async\" width=\"1024\" height=\"475\" src=\"https:\/\/www.canyurtlar.com.tr\/wp-content\/uploads\/2022\/12\/canyurtlarlogo-1024x475.png\" class=\"attachment-large size-large wp-image-48128\" alt=\"\" srcset=\"https:\/\/www.canyurtlar.com.tr\/wp-content\/uploads\/2022\/12\/canyurtlarlogo-1024x475.png 1024w, https:\/\/www.canyurtlar.com.tr\/wp-content\/uploads\/2022\/12\/canyurtlarlogo-300x139.png 300w, https:\/\/www.canyurtlar.com.tr\/wp-content\/uploads\/2022\/12\/canyurtlarlogo-768x357.png 768w, https:\/\/www.canyurtlar.com.tr\/wp-content\/uploads\/2022\/12\/canyurtlarlogo-600x279.png 600w, https:\/\/www.canyurtlar.com.tr\/wp-content\/uploads\/2022\/12\/canyurtlarlogo.png 1206w\" sizes=\"auto, (max-width: 1024px) 100vw, 1024px\" \/>\t\t\t\t\t\t\t\t\t\t\t\t\t\t\t<\/div>\n\t\t\t\t<\/div>\n\t\t\t\t<div class=\"elementor-element elementor-element-8e233c7 horizontal-line-align-left vertical-line-align-bottom elementor-widget elementor-widget-tm-ele-section-title\" data-id=\"8e233c7\" data-element_type=\"widget\" data-widget_type=\"tm-ele-section-title.default\">\n\t\t\t\t<div class=\"elementor-widget-container\">\n\t\t\t<div class=\"tm-sc-section-title section-title \">\r\n\t<div class=\"title-wrapper\">\r\n\t\t\t\t\t\t\t\t<h2 class=\"title \">\r\n\r\n\t\t\r\n\t\t\t\t<span class=\"title-part1 \">D\u00fcnya standartlar\u0131nda YERL\u0130 \u00dcRET\u0130M<\/span>\r\n\t\t\t\t\r\n\t\t\r\n\t<\/h2>\r\n\t<div class=\"title-seperator-line\"><\/div>\t\t\t\t\t\t<\/div>\r\n<\/div>\t\t<\/div>\n\t\t\t\t<\/div>\n\t\t\t\t<div class=\"elementor-element elementor-element-3d92969 elementor-widget elementor-widget-tm-ele-text-editor\" data-id=\"3d92969\" data-element_type=\"widget\" data-widget_type=\"tm-ele-text-editor.default\">\n\t\t\t\t<div class=\"elementor-widget-container\">\n\t\t\t\t\t<div class=\"tm-text-editor\">\r\n\t\t<p style=\"text-align: justify;\"><span class=\"fontstyle0\">Firmam\u0131z 1988 y\u0131l\u0131nda Ankara Sobac\u0131lar \u00c7ar\u015f\u0131s\u0131nda soba at\u00f6lyesi olarak imalata ba\u015flad\u0131. Meslek tecr\u00fcbesi ise dededen toruna 1940 y\u0131l\u0131ndan bug\u00fcne kadar devam etmektedir. <\/span><span class=\"fontstyle0\">Bug\u00fcn ise \u00fcretimine Ankara \u0130vedik Sanayi b\u00f6lgesindeki fabrikas\u0131nda devam etmektedir. Fabrikam\u0131z 8000 m2 a\u00e7\u0131k alan \u00fczerine 5600 m2 kapal\u0131 alan olarak kurulmu\u015ftur. <\/span><span class=\"fontstyle0\">Yatay baca seti, Baca uzatmalar\u0131 ve Aksesuarlar\u0131 \u00fcretiminde hammadde\u2019den mam\u00fcle imalat yap\u0131lmaktad\u0131r. Deneyimli teknik personel ve g\u00fcn\u00fcm\u00fcz teknolojisinden faydalan\u0131larak t\u00fcm sistemimiz Avrupa standartlar\u0131nda yenilenmi\u015ftir.<\/span><\/p><p style=\"text-align: justify;\"><strong>Kalite:<\/strong> Hermetik kombi bacalar\u0131m\u0131z\u0131, y\u00fcksek kalite standartlar\u0131na uygun olarak \u00fcretiyor ve s\u0131k\u0131 kalite kontrol prosed\u00fcrleri uyguluyoruz. M\u00fc\u015fterilerimize g\u00fcvenle kullanabilecekleri \u00fcr\u00fcnler sunmay\u0131 taahh\u00fct ediyoruz.<\/p><p style=\"text-align: justify;\"><strong>Teknoloji:<\/strong> Teknolojik geli\u015fmeleri yak\u0131ndan takip ediyor ve \u00fcr\u00fcnlerimizi s\u00fcrekli olarak iyile\u015ftirmek i\u00e7in yenilik\u00e7i yakla\u015f\u0131mlar benimsiyoruz. Bu sayede m\u00fc\u015fterilerimize en verimli ve g\u00fcvenli kombi baca sistemlerini sunabiliyoruz.<\/p><p style=\"text-align: justify;\"><strong>\u00c7evre Duyarl\u0131l\u0131\u011f\u0131:<\/strong> \u00c7evrenin korunmas\u0131 bizim i\u00e7in \u00f6nemlidir. Bu nedenle, \u00fcr\u00fcnlerimizi \u00e7evre dostu malzemelerden \u00fcretiyor ve enerji tasarrufunu te\u015fvik eden \u00fcr\u00fcnler geli\u015ftiriyoruz.<\/p>\t\t<\/div>\r\n\t\t\t<\/div>\n\t\t\t\t<\/div>\n\t\t\t\t\t<\/div>\n\t\t<\/div>\n\t\t\t\t\t\t\t<\/div>\n\t\t<\/section>\n\t\t\t\t\t\t\t<\/div>\n\t\t","protected":false},"excerpt":{"rendered":"<p>0+ Y\u0131ll\u0131k \u0130malat Tecr\u00fcbesi D\u00fcnya standartlar\u0131nda YERL\u0130 \u00dcRET\u0130M Firmam\u0131z 1988 y\u0131l\u0131nda Ankara Sobac\u0131lar \u00c7ar\u015f\u0131s\u0131nda soba at\u00f6lyesi olarak imalata ba\u015flad\u0131. Meslek&#8230;<\/p>\n","protected":false},"author":1,"featured_media":0,"parent":0,"menu_order":0,"comment_status":"closed","ping_status":"closed","template":"","meta":{"footnotes":""},"class_list":["post-48427","page","type-page","status-publish","hentry"],"aioseo_notices":[],"_links":{"self":[{"href":"https:\/\/www.canyurtlar.com.tr\/index.php\/wp-json\/wp\/v2\/pages\/48427","targetHints":{"allow":["GET"]}}],"collection":[{"href":"https:\/\/www.canyurtlar.com.tr\/index.php\/wp-json\/wp\/v2\/pages"}],"about":[{"href":"https:\/\/www.canyurtlar.com.tr\/index.php\/wp-json\/wp\/v2\/types\/page"}],"author":[{"embeddable":true,"href":"https:\/\/www.canyurtlar.com.tr\/index.php\/wp-json\/wp\/v2\/users\/1"}],"replies":[{"embeddable":true,"href":"https:\/\/www.canyurtlar.com.tr\/index.php\/wp-json\/wp\/v2\/comments?post=48427"}],"version-history":[{"count":7,"href":"https:\/\/www.canyurtlar.com.tr\/index.php\/wp-json\/wp\/v2\/pages\/48427\/revisions"}],"predecessor-version":[{"id":48966,"href":"https:\/\/www.canyurtlar.com.tr\/index.php\/wp-json\/wp\/v2\/pages\/48427\/revisions\/48966"}],"wp:attachment":[{"href":"https:\/\/www.canyurtlar.com.tr\/index.php\/wp-json\/wp\/v2\/media?parent=48427"}],"curies":[{"name":"wp","href":"https:\/\/api.w.org\/{rel}","templated":true}]}}